{"id":5941,"date":"2018-07-13T09:58:05","date_gmt":"2018-07-13T09:58:05","guid":{"rendered":"http:\/\/192.168.0.116\/bstart\/?page_id=5941"},"modified":"2023-06-21T07:33:44","modified_gmt":"2023-06-21T10:33:44","slug":"sobre-a-klar","status":"publish","type":"page","link":"https:\/\/vdoisp.com.br\/sites\/klareng\/sobre-a-klar\/","title":{"rendered":"Sobre a Klar"},"content":{"rendered":"<div class=\"wpb-content-wrapper\"><p>[vc_row full_width=&#8221;stretch_row_content_no_spaces&#8221; content_placement=&#8221;middle&#8221; css=&#8221;.vc_custom_1531737955388{padding-top: 0px !important;padding-bottom: 0px !important;background-color: #f4f7fc !important;}&#8221; el_class=&#8221;about-video&#8221;][vc_column width=&#8221;1\/2&#8243; css=&#8221;.vc_custom_1687063400300{padding-top: 0px !important;}&#8221;]<div class=\"rs-video-2\"><img decoding=\"async\" src=\"https:\/\/vdoisp.com.br\/sites\/klareng\/wp-content\/uploads\/2021\/02\/cropped-Klar-Marca2_Prancheta-1-e1687050090378.png\" alt=\"\"><a class=\"popup-videos\" href=\"https:\/\/vdoisp.com.br\/sites\/klar\/wp-content\/uploads\/2021\/02\/WhatsApp-Video-2021-02-18-at-09.52.25.mp4\" title=\"\">\r\n\t\t\t\t\t\t\t<i class=\"fa fa-play\"><\/i>\r\n\t\t\t\t\t\t<\/a>\r\n\t\t\t\t\t    <div class=\"overly-border\"><\/div>\r\n\t\t\t\t\t<\/div>[\/vc_column][vc_column width=&#8221;1\/2&#8243; css=&#8221;.vc_custom_1531737614427{padding-top: 50px !important;padding-right: 50px !important;padding-bottom: 50px !important;padding-left: 50px !important;}&#8221;][vc_column_text]<span style=\"font-weight: 400;\">RESPEITO, OLHO NO OLHO,<\/span><\/p>\n<p><span style=\"font-weight: 400;\">TRANSPAR\u00caNCIA E SOLU\u00c7\u00c3O.<\/span><\/p>\n<p><span style=\"font-weight: 400;\">KLAR \u00c9 O QUE NOS UNE!<\/span><\/p>\n<p><span style=\"font-weight: 400;\">HUB DE SOLU\u00c7\u00d5ES SUSTENT\u00c1VEIS.<\/span><\/p>\n<p>KLAR, palavra de origem alem\u00e3, significa transpar\u00eancia e clareza e, reflete a forma da KLAR ENGENHARIA de trabalhar e de se relacionar com seus clientes e parceiros.<\/p>\n<p>A KLAR ENGENHARIA vem construindo uma hist\u00f3ria de refer\u00eancia no mercado corporativo atuando na constru\u00e7\u00e3o de escrit\u00f3rios, espa\u00e7os comerciais, ind\u00fastrias, incorpora\u00e7\u00e3o bem como hospitais e laborat\u00f3rios, garantindo projetos inovadores atrav\u00e9s da melhoria cont\u00ednua de processos e procedimentos, al\u00e9m da constante busca pela sustentabilidade.<\/p>\n<p>A KLAR ENGENHARIA \u00e9 reconhecida por oferecer projetos \u201cTurn-Key\u201d e \u201cDesign &amp; Build\u201d sob medida, para atender com excel\u00eancia as necessidades de cada cliente de forma \u00fanica.<\/p>\n<p>Contamos com uma equipe altamente qualificada, unida pelos conceitos de clareza e transpar\u00eancia (tradu\u00e7\u00e3o da palavra alem\u00e3 KLAR), pronta para atender projetos que exigem prazos curtos e solu\u00e7\u00f5es t\u00e9cnicas de alta complexidade. As diferenciadas compet\u00eancias t\u00e9cnicas e de neg\u00f3cios potencializam a capacidade KLAR ENGENHARIA em planejar, propor novas solu\u00e7\u00f5es e executar obras, agregando alto valor aos projetos de nossos clientes.[\/vc_column_text][\/vc_column][\/vc_row]<\/p>\n<\/div>","protected":false},"excerpt":{"rendered":"<p>[vc_row full_width=&#8221;stretch_row_content_no_spaces&#8221; content_placement=&#8221;middle&#8221; css=&#8221;.vc_custom_1531737955388{padding-top: 0px !important;padding-bottom: 0px !important;background-color: #f4f7fc !important;}&#8221; el_class=&#8221;about-video&#8221;][vc_column width=&#8221;1\/2&#8243; css=&#8221;.vc_custom_1687063400300{padding-top: 0px !important;}&#8221;][\/vc_column][vc_column width=&#8221;1\/2&#8243; css=&#8221;.vc_custom_1531737614427{padding-top: 50px !important;padding-right: 50px !important;padding-bottom: 50px&#8230;<\/p>\n","protected":false},"author":1,"featured_media":0,"parent":0,"menu_order":0,"comment_status":"closed","ping_status":"closed","template":"","meta":{"footnotes":""},"class_list":["post-5941","page","type-page","status-publish","hentry"],"acf":[],"_links":{"self":[{"href":"https:\/\/vdoisp.com.br\/sites\/klareng\/wp-json\/wp\/v2\/pages\/5941","targetHints":{"allow":["GET"]}}],"collection":[{"href":"https:\/\/vdoisp.com.br\/sites\/klareng\/wp-json\/wp\/v2\/pages"}],"about":[{"href":"https:\/\/vdoisp.com.br\/sites\/klareng\/wp-json\/wp\/v2\/types\/page"}],"author":[{"embeddable":true,"href":"https:\/\/vdoisp.com.br\/sites\/klareng\/wp-json\/wp\/v2\/users\/1"}],"replies":[{"embeddable":true,"href":"https:\/\/vdoisp.com.br\/sites\/klareng\/wp-json\/wp\/v2\/comments?post=5941"}],"version-history":[{"count":13,"href":"https:\/\/vdoisp.com.br\/sites\/klareng\/wp-json\/wp\/v2\/pages\/5941\/revisions"}],"predecessor-version":[{"id":8438,"href":"https:\/\/vdoisp.com.br\/sites\/klareng\/wp-json\/wp\/v2\/pages\/5941\/revisions\/8438"}],"wp:attachment":[{"href":"https:\/\/vdoisp.com.br\/sites\/klareng\/wp-json\/wp\/v2\/media?parent=5941"}],"curies":[{"name":"wp","href":"https:\/\/api.w.org\/{rel}","templated":true}]}}