{"id":8327,"date":"2023-06-18T01:53:49","date_gmt":"2023-06-18T04:53:49","guid":{"rendered":"https:\/\/vdoisp.com.br\/sites\/klareng\/?page_id=8327"},"modified":"2023-11-03T11:03:44","modified_gmt":"2023-11-03T14:03:44","slug":"servicos","status":"publish","type":"page","link":"https:\/\/vdoisp.com.br\/sites\/klareng\/servicos\/","title":{"rendered":"Servi\u00e7os"},"content":{"rendered":"<div class=\"wpb-content-wrapper\"><p>[vc_row full_width=&#8221;stretch_row&#8221; css=&#8221;.vc_custom_1687068946720{padding-top: 60px !important;padding-bottom: 70px !important;background-color: #f5f5f5 !important;}&#8221;][vc_column]\r\n        <div class=\"rs-heading   vc_custom_1687064097871 quote-style \">\r\n        \t<div class=\"title-inner\">\r\n\t            \r\n\t            <h2>Nosso portf\u00f3lio<\/h2>\r\n\t        <\/div><\/div>[vc_column_text css=&#8221;.vc_custom_1687069018072{margin-bottom: 50px !important;}&#8221;]<span style=\"font-weight: 400;\">Conhe\u00e7a abaixo alguns dos projetos de engenharia civil que contaram com a nossa expertise na concep\u00e7\u00e3o e\/ou execu\u00e7\u00e3o da obra.<\/span>[\/vc_column_text][vc_tta_tabs][vc_tta_section title=&#8221;Retrofit&#8221; tab_id=&#8221;Retrofit&#8221;][vc_column_text]<strong>Restaura\u00e7\u00e3o de pr\u00e9dios antigos preservando a arquitetura original. Mudan\u00e7a de uso, preserva\u00e7\u00e3o de patrim\u00f4nio hist\u00f3rico, integra\u00e7\u00e3o com \u00f3rg\u00e3os aprovadores e fiscalizadores e implanta\u00e7\u00e3o de novos elementos e novas edifica\u00e7\u00f5es (sem preju\u00edzo \u00e0 preserva\u00e7\u00e3o e com viabilidade econ\u00f4mica).<\/strong>[\/vc_column_text][vc_row_inner][vc_column_inner][vc_media_grid grid_id=&#8221;vc_gid:1699020144996-eb789c3f-aa4d-10&#8243; include=&#8221;8510,8453,8445,8455,8457,8459,8460,8461,8462&#8243;][\/vc_column_inner][\/vc_row_inner][\/vc_tta_section][vc_tta_section title=&#8221;Built to suit&#8221; tab_id=&#8221;built-to-suit&#8221;][vc_column_text]<strong>A modalidade \u201cbuilt to suit\u201d (BTS) inclui modelagem econ\u00f4mico-financeira, avalia\u00e7\u00e3o de propriedades, estudo preliminar com elabora\u00e7\u00e3o de budget, projetos arquitet\u00f4nicos e t\u00e9cnicos, obras completas, instala\u00e7\u00f5es especiais e comissionamento.<\/strong>[\/vc_column_text][vc_media_grid grid_id=&#8221;vc_gid:1699020144997-b4a9ca9f-e887-2&#8243; include=&#8221;8518,8523,8522,8521,8520,8519&#8243;][\/vc_tta_section][vc_tta_section title=&#8221;Residencial&#8221; tab_id=&#8221;residencial&#8221;][vc_column_text]<strong>Projetos exclusivos para condom\u00ednios de alto padr\u00e3o, do terreno at\u00e9 a chave na m\u00e3o.<\/strong>[\/vc_column_text][vc_media_grid grid_id=&#8221;vc_gid:1699020144998-07d50e70-8e2d-7&#8243; include=&#8221;8534,8529,8530,8532,8533,8535,8528,8536,8537&#8243;][\/vc_tta_section][vc_tta_section title=&#8221;Corporativo&#8221; tab_id=&#8221;corporativo&#8221;][vc_column_text]<strong>Escrit\u00f3rios corporativos com as melhores solu\u00e7\u00f5es de espa\u00e7o, solu\u00e7\u00f5es t\u00e9cnicas para projetos customizados, adequa\u00e7\u00e3o completa de edif\u00edcios monousu\u00e1rios, atendimento de prazo com excel\u00eancia em execu\u00e7\u00e3o, t\u00e9cnica e acabamento e implanta\u00e7\u00e3o de sistemas cr\u00edticos para data centers e salas especiais.<\/strong>[\/vc_column_text][vc_row_inner][vc_column_inner][vc_media_grid grid_id=&#8221;vc_gid:1699020144998-b4234be8-cb17-7&#8243; include=&#8221;8542,8544,8543,8540,8539,8545,8546,8547,8548,8541&#8243;][\/vc_column_inner][\/vc_row_inner][\/vc_tta_section][vc_tta_section title=&#8221;Hospitalar&#8221; tab_id=&#8221;hospitalar&#8221;][vc_column_text]<strong>Ambulat\u00f3rios, salas limpas, laborat\u00f3rios, centros cir\u00fargicos, instala\u00e7\u00f5es completas (incluindo gases medicinais), experi\u00eancia em execu\u00e7\u00e3o de obras em ambientes ativos e obras de expans\u00e3o, sem paradas \u00e0 opera\u00e7\u00e3o.<\/strong>[\/vc_column_text][vc_row_inner][vc_column_inner][vc_media_grid grid_id=&#8221;vc_gid:1699020144999-ff119152-e8c2-8&#8243; include=&#8221;8556,8557,8551,8554,8552,8553,8555,8550,8559,8558&#8243;][\/vc_column_inner][\/vc_row_inner][\/vc_tta_section][vc_tta_section title=&#8221;Comercial&#8221; tab_id=&#8221;comercial&#8221;][vc_column_text]<strong>Obras para lojas em shoppings, malls e stripcenters, restaurantes de alta gastronomia, academias, multi-sites, bancos de varejo e de investimento.<\/strong>[\/vc_column_text][vc_row_inner][vc_column_inner][vc_media_grid grid_id=&#8221;vc_gid:1699020145000-29645364-e5bf-2&#8243; include=&#8221;8561,8563,8569,8562,8564,8565,8566,8567,8568,8570&#8243;][\/vc_column_inner][\/vc_row_inner][\/vc_tta_section][vc_tta_section title=&#8221;Hotelaria&#8221; tab_id=&#8221;hotelaria&#8221;][vc_column_text]<strong>Hostels, retrofits de redes internacionais e obras completas incluindo FF&amp;E.<\/strong>[\/vc_column_text][vc_media_grid grid_id=&#8221;vc_gid:1699020145000-00d7b218-5d85-7&#8243; include=&#8221;8572,8580,8577,8573,8574,8575,8576,8579,8581&#8243;][\/vc_tta_section][vc_tta_section title=&#8221;Industrial&#8221; tab_id=&#8221;industrial&#8221;][vc_column_text]<strong>Qu\u00edmica e farmac\u00eautica, tecnologia de Informa\u00e7\u00e3o, Oil &amp; Gas, papel e celulose e ambiental.<\/strong>[\/vc_column_text][vc_row_inner][vc_column_inner][vc_media_grid grid_id=&#8221;vc_gid:1699020145001-c2cfcb91-36a9-6&#8243; include=&#8221;8583,8584,8585,8586,8587,8588,8589,8590,8591&#8243;][\/vc_column_inner][\/vc_row_inner][\/vc_tta_section][vc_tta_section title=&#8221;Espa\u00e7os culturais&#8221; tab_id=&#8221;espacos-culturais&#8221;][vc_column_text]<strong>Obras em cinemas e Teatros, escolas, museus, livrarias e clubes.<\/strong>[\/vc_column_text][vc_media_grid grid_id=&#8221;vc_gid:1699020145001-3690ab8f-534f-5&#8243; include=&#8221;8595,8596,8601,8600,8599,8598,8597,8594,8593&#8243;][\/vc_tta_section][vc_tta_section title=&#8221;Incorpora\u00e7\u00e3o&#8221; tab_id=&#8221;incorporacao&#8221;][vc_column_text]<strong>Edif\u00edcios residenciais e comerciais, m\u00faltiplos pavimentos, condom\u00ednios horizontais e desenvolvimento e execu\u00e7\u00e3o de projetos Minha Casa Minha Vida, de 3 a 6 SM.<\/strong>[\/vc_column_text][vc_media_grid grid_id=&#8221;vc_gid:1699020145001-7a5bcd27-b6e6-3&#8243; include=&#8221;8604,8605,8606,8607,8608,8609,8610,8611&#8243;][\/vc_tta_section][\/vc_tta_tabs][\/vc_column][\/vc_row][vc_row full_width=&#8221;stretch_row&#8221; gap=&#8221;10&#8243; el_id=&#8221;rs-testimonial&#8221; css=&#8221;.vc_custom_1687397600702{padding-top: 60px !important;padding-bottom: 52px !important;}&#8221; el_class=&#8221;rs-testimonial-home&#8221;][vc_column]\r\n        <div class=\"rs-heading   vc_custom_1687061331273 quote-style \">\r\n        \t<div class=\"title-inner\">\r\n\t            \r\n\t            <h2>Nossos parceiros<\/h2>\r\n\t        <\/div><\/div>[vc_column_text el_class=&#8221;width-70&#8243; css=&#8221;.vc_custom_1699020218532{margin-bottom: 50px !important;}&#8221;]Os melhores projetos da Klar fazem parte da hist\u00f3ria de sucesso de marcas nacionais e internacionais.[\/vc_column_text][\/vc_column][vc_column css=&#8221;.vc_custom_1687048505529{padding-top: 0px !important;}&#8221; el_id=&#8221;rs-accordion&#8221; el_class=&#8221;rs-accordion&#8221;][vc_row_inner][vc_column_inner width=&#8221;1\/4&#8243;][vc_single_image image=&#8221;494&#8243; img_size=&#8221;full&#8221; alignment=&#8221;center&#8221; css=&#8221;.vc_custom_1687048857005{padding-top: 26px !important;padding-right: 26px !important;padding-bottom: 26px !important;padding-left: 26px !important;}&#8221;][vc_single_image image=&#8221;490&#8243; img_size=&#8221;full&#8221; alignment=&#8221;center&#8221; css=&#8221;.vc_custom_1687048879025{padding-top: 26px !important;padding-right: 26px !important;padding-bottom: 26px !important;padding-left: 26px !important;}&#8221;][vc_single_image image=&#8221;486&#8243; img_size=&#8221;full&#8221; alignment=&#8221;center&#8221; css=&#8221;.vc_custom_1687048901384{padding-top: 26px !important;padding-right: 26px !important;padding-bottom: 26px !important;padding-left: 26px !important;}&#8221;][vc_single_image image=&#8221;482&#8243; img_size=&#8221;full&#8221; alignment=&#8221;center&#8221; css=&#8221;.vc_custom_1687048963562{padding-top: 26px !important;padding-right: 26px !important;padding-bottom: 26px !important;padding-left: 26px !important;}&#8221;][vc_single_image image=&#8221;478&#8243; img_size=&#8221;full&#8221; alignment=&#8221;center&#8221; css=&#8221;.vc_custom_1687048980935{padding-top: 26px !important;padding-right: 26px !important;padding-bottom: 26px !important;padding-left: 26px !important;}&#8221;][vc_single_image image=&#8221;474&#8243; img_size=&#8221;full&#8221; alignment=&#8221;center&#8221; css=&#8221;.vc_custom_1687049000251{padding-top: 26px !important;padding-right: 26px !important;padding-bottom: 26px !important;padding-left: 26px !important;}&#8221;][vc_single_image image=&#8221;470&#8243; img_size=&#8221;full&#8221; alignment=&#8221;center&#8221; css=&#8221;.vc_custom_1687049019931{padding-top: 26px !important;padding-right: 26px !important;padding-bottom: 26px !important;padding-left: 26px !important;}&#8221;][vc_single_image image=&#8221;466&#8243; img_size=&#8221;full&#8221; alignment=&#8221;center&#8221; css=&#8221;.vc_custom_1687049036603{padding-top: 26px !important;padding-right: 26px !important;padding-bottom: 26px !important;padding-left: 26px !important;}&#8221;][vc_single_image image=&#8221;462&#8243; img_size=&#8221;full&#8221; alignment=&#8221;center&#8221; css=&#8221;.vc_custom_1687049050302{padding-top: 26px !important;padding-right: 26px !important;padding-bottom: 26px !important;padding-left: 26px !important;}&#8221;][vc_single_image image=&#8221;459&#8243; img_size=&#8221;full&#8221; alignment=&#8221;center&#8221; css=&#8221;.vc_custom_1687049063900{padding-top: 26px !important;padding-right: 26px !important;padding-bottom: 26px !important;padding-left: 26px !important;}&#8221;][\/vc_column_inner][vc_column_inner width=&#8221;1\/4&#8243;][vc_single_image image=&#8221;493&#8243; img_size=&#8221;full&#8221; alignment=&#8221;center&#8221; css=&#8221;.vc_custom_1687049197351{padding-top: 26px !important;padding-right: 26px !important;padding-bottom: 26px !important;padding-left: 26px !important;}&#8221;][vc_single_image image=&#8221;489&#8243; img_size=&#8221;full&#8221; alignment=&#8221;center&#8221; css=&#8221;.vc_custom_1687049213959{padding-top: 26px !important;padding-right: 26px !important;padding-bottom: 26px !important;padding-left: 26px !important;}&#8221;][vc_single_image image=&#8221;485&#8243; img_size=&#8221;full&#8221; alignment=&#8221;center&#8221; css=&#8221;.vc_custom_1687049235779{padding-top: 26px !important;padding-right: 26px !important;padding-bottom: 26px !important;padding-left: 26px !important;}&#8221;][vc_single_image image=&#8221;481&#8243; img_size=&#8221;full&#8221; alignment=&#8221;center&#8221; css=&#8221;.vc_custom_1687049251127{padding-top: 26px !important;padding-right: 26px !important;padding-bottom: 26px !important;padding-left: 26px !important;}&#8221;][vc_single_image image=&#8221;477&#8243; img_size=&#8221;full&#8221; alignment=&#8221;center&#8221; css=&#8221;.vc_custom_1687049272049{padding-top: 26px !important;padding-right: 26px !important;padding-bottom: 26px !important;padding-left: 26px !important;}&#8221;][vc_single_image image=&#8221;473&#8243; img_size=&#8221;full&#8221; alignment=&#8221;center&#8221; css=&#8221;.vc_custom_1687049284694{padding-top: 26px !important;padding-right: 26px !important;padding-bottom: 26px !important;padding-left: 26px !important;}&#8221;][vc_single_image image=&#8221;469&#8243; img_size=&#8221;full&#8221; alignment=&#8221;center&#8221; css=&#8221;.vc_custom_1687049300736{padding-top: 26px !important;padding-right: 26px !important;padding-bottom: 26px !important;padding-left: 26px !important;}&#8221;][vc_single_image image=&#8221;465&#8243; img_size=&#8221;full&#8221; alignment=&#8221;center&#8221; css=&#8221;.vc_custom_1687049324070{padding-top: 26px !important;padding-right: 26px !important;padding-bottom: 26px !important;padding-left: 26px !important;}&#8221;][vc_single_image image=&#8221;461&#8243; img_size=&#8221;full&#8221; alignment=&#8221;center&#8221; css=&#8221;.vc_custom_1687049341326{padding-top: 26px !important;padding-right: 26px !important;padding-bottom: 26px !important;padding-left: 26px !important;}&#8221;][vc_single_image image=&#8221;457&#8243; img_size=&#8221;full&#8221; alignment=&#8221;center&#8221; css=&#8221;.vc_custom_1687049355240{padding-top: 26px !important;padding-right: 26px !important;padding-bottom: 26px !important;padding-left: 26px !important;}&#8221;][\/vc_column_inner][vc_column_inner width=&#8221;1\/4&#8243;][vc_single_image image=&#8221;492&#8243; img_size=&#8221;full&#8221; alignment=&#8221;center&#8221; css=&#8221;.vc_custom_1687049395447{padding-top: 26px !important;padding-right: 26px !important;padding-bottom: 26px !important;padding-left: 26px !important;}&#8221;][vc_single_image image=&#8221;487&#8243; img_size=&#8221;full&#8221; alignment=&#8221;center&#8221; css=&#8221;.vc_custom_1687049408805{padding-top: 26px !important;padding-right: 26px !important;padding-bottom: 26px !important;padding-left: 26px !important;}&#8221;][vc_single_image image=&#8221;484&#8243; img_size=&#8221;full&#8221; alignment=&#8221;center&#8221; css=&#8221;.vc_custom_1687049423159{padding-top: 26px !important;padding-right: 26px !important;padding-bottom: 26px !important;padding-left: 26px !important;}&#8221;][vc_single_image image=&#8221;480&#8243; img_size=&#8221;full&#8221; alignment=&#8221;center&#8221; css=&#8221;.vc_custom_1687049439690{padding-top: 26px !important;padding-right: 26px !important;padding-bottom: 26px !important;padding-left: 26px !important;}&#8221;][vc_single_image image=&#8221;476&#8243; img_size=&#8221;full&#8221; alignment=&#8221;center&#8221; css=&#8221;.vc_custom_1687049453981{padding-top: 26px !important;padding-right: 26px !important;padding-bottom: 26px !important;padding-left: 26px !important;}&#8221;][vc_single_image image=&#8221;472&#8243; img_size=&#8221;full&#8221; alignment=&#8221;center&#8221; css=&#8221;.vc_custom_1687049469301{padding-top: 26px !important;padding-right: 26px !important;padding-bottom: 26px !important;padding-left: 26px !important;}&#8221;][vc_single_image image=&#8221;468&#8243; img_size=&#8221;full&#8221; alignment=&#8221;center&#8221; css=&#8221;.vc_custom_1687049489947{padding-top: 26px !important;padding-right: 26px !important;padding-bottom: 26px !important;padding-left: 26px !important;}&#8221;][vc_single_image image=&#8221;464&#8243; img_size=&#8221;full&#8221; alignment=&#8221;center&#8221; css=&#8221;.vc_custom_1687049503450{padding-top: 26px !important;padding-right: 26px !important;padding-bottom: 26px !important;padding-left: 26px !important;}&#8221;][vc_single_image image=&#8221;460&#8243; img_size=&#8221;full&#8221; alignment=&#8221;center&#8221; css=&#8221;.vc_custom_1687049518848{padding-top: 26px !important;padding-right: 26px !important;padding-bottom: 26px !important;padding-left: 26px !important;}&#8221;][vc_single_image image=&#8221;456&#8243; img_size=&#8221;full&#8221; alignment=&#8221;center&#8221; css=&#8221;.vc_custom_1687049534270{padding-top: 26px !important;padding-right: 26px !important;padding-bottom: 26px !important;padding-left: 26px !important;}&#8221;][\/vc_column_inner][vc_column_inner width=&#8221;1\/4&#8243;][vc_single_image image=&#8221;491&#8243; img_size=&#8221;full&#8221; alignment=&#8221;center&#8221; css=&#8221;.vc_custom_1687049578179{padding-top: 26px !important;padding-right: 26px !important;padding-bottom: 26px !important;padding-left: 26px !important;}&#8221;][vc_single_image image=&#8221;488&#8243; img_size=&#8221;full&#8221; alignment=&#8221;center&#8221; css=&#8221;.vc_custom_1687049590915{padding-top: 26px !important;padding-right: 26px !important;padding-bottom: 26px !important;padding-left: 26px !important;}&#8221;][vc_single_image image=&#8221;483&#8243; img_size=&#8221;full&#8221; alignment=&#8221;center&#8221; css=&#8221;.vc_custom_1687049605131{padding-top: 26px !important;padding-right: 26px !important;padding-bottom: 26px !important;padding-left: 26px !important;}&#8221;][vc_single_image image=&#8221;479&#8243; img_size=&#8221;full&#8221; alignment=&#8221;center&#8221; css=&#8221;.vc_custom_1687049617750{padding-top: 26px !important;padding-right: 26px !important;padding-bottom: 26px !important;padding-left: 26px !important;}&#8221;][vc_single_image image=&#8221;475&#8243; img_size=&#8221;full&#8221; alignment=&#8221;center&#8221; css=&#8221;.vc_custom_1687049640584{padding-top: 26px !important;padding-right: 26px !important;padding-bottom: 26px !important;padding-left: 26px !important;}&#8221;][vc_single_image image=&#8221;471&#8243; img_size=&#8221;full&#8221; alignment=&#8221;center&#8221; css=&#8221;.vc_custom_1687049660079{padding-top: 26px !important;padding-right: 26px !important;padding-bottom: 26px !important;padding-left: 26px !important;}&#8221;][vc_single_image image=&#8221;467&#8243; img_size=&#8221;full&#8221; alignment=&#8221;center&#8221; css=&#8221;.vc_custom_1687049684512{padding-top: 26px !important;padding-right: 26px !important;padding-bottom: 26px !important;padding-left: 26px !important;}&#8221;][vc_single_image image=&#8221;463&#8243; img_size=&#8221;full&#8221; alignment=&#8221;center&#8221; css=&#8221;.vc_custom_1687049702441{padding-top: 26px !important;padding-right: 26px !important;padding-bottom: 26px !important;padding-left: 26px !important;}&#8221;][vc_single_image image=&#8221;458&#8243; img_size=&#8221;full&#8221; alignment=&#8221;center&#8221; css=&#8221;.vc_custom_1687049720216{padding-top: 26px !important;padding-right: 26px !important;padding-bottom: 26px !important;padding-left: 26px !important;}&#8221;][vc_single_image image=&#8221;455&#8243; img_size=&#8221;full&#8221; alignment=&#8221;center&#8221; css=&#8221;.vc_custom_1687049732612{padding-top: 26px !important;padding-right: 26px !important;padding-bottom: 26px !important;padding-left: 26px !important;}&#8221;][\/vc_column_inner][\/vc_row_inner][\/vc_column][\/vc_row]<\/p>\n<\/div>","protected":false},"excerpt":{"rendered":"<p>[vc_row full_width=&#8221;stretch_row&#8221; css=&#8221;.vc_custom_1687068946720{padding-top: 60px !important;padding-bottom: 70px !important;background-color: #f5f5f5 !important;}&#8221;][vc_column][vc_column_text css=&#8221;.vc_custom_1687069018072{margin-bottom: 50px !important;}&#8221;]Conhe\u00e7a abaixo alguns dos projetos de engenharia civil que contaram com&#8230;<\/p>\n","protected":false},"author":1,"featured_media":0,"parent":0,"menu_order":0,"comment_status":"closed","ping_status":"closed","template":"","meta":{"footnotes":""},"class_list":["post-8327","page","type-page","status-publish","hentry"],"acf":[],"_links":{"self":[{"href":"https:\/\/vdoisp.com.br\/sites\/klareng\/wp-json\/wp\/v2\/pages\/8327","targetHints":{"allow":["GET"]}}],"collection":[{"href":"https:\/\/vdoisp.com.br\/sites\/klareng\/wp-json\/wp\/v2\/pages"}],"about":[{"href":"https:\/\/vdoisp.com.br\/sites\/klareng\/wp-json\/wp\/v2\/types\/page"}],"author":[{"embeddable":true,"href":"https:\/\/vdoisp.com.br\/sites\/klareng\/wp-json\/wp\/v2\/users\/1"}],"replies":[{"embeddable":true,"href":"https:\/\/vdoisp.com.br\/sites\/klareng\/wp-json\/wp\/v2\/comments?post=8327"}],"version-history":[{"count":73,"href":"https:\/\/vdoisp.com.br\/sites\/klareng\/wp-json\/wp\/v2\/pages\/8327\/revisions"}],"predecessor-version":[{"id":8623,"href":"https:\/\/vdoisp.com.br\/sites\/klareng\/wp-json\/wp\/v2\/pages\/8327\/revisions\/8623"}],"wp:attachment":[{"href":"https:\/\/vdoisp.com.br\/sites\/klareng\/wp-json\/wp\/v2\/media?parent=8327"}],"curies":[{"name":"wp","href":"https:\/\/api.w.org\/{rel}","templated":true}]}}